{"id":183,"date":"2023-05-03T21:42:51","date_gmt":"2023-05-03T21:42:51","guid":{"rendered":"https:\/\/cgplanengenharia.com.br\/?page_id=183"},"modified":"2023-05-15T21:55:51","modified_gmt":"2023-05-15T21:55:51","slug":"acoes-sociais","status":"publish","type":"page","link":"https:\/\/cgplanengenharia.com.br\/?page_id=183","title":{"rendered":"A\u00e7\u00f5es Sociais"},"content":{"rendered":"<p>[et_pb_section fb_built=&#8221;1&#8243; _builder_version=&#8221;4.17.4&#8243; _module_preset=&#8221;default&#8221; background_color=&#8221;#000000&#8243; global_colors_info=&#8221;{}&#8221;][et_pb_row _builder_version=&#8221;4.17.4&#8243; _module_preset=&#8221;default&#8221; global_colors_info=&#8221;{}&#8221;][et_pb_column type=&#8221;4_4&#8243; _builder_version=&#8221;4.17.4&#8243; _module_preset=&#8221;default&#8221; global_colors_info=&#8221;{}&#8221;][dsm_text_notation notation_text=&#8221;A\u00e7\u00f5es Sociais&#8221; notation_color=&#8221;#336bb3&#8243; _builder_version=&#8221;4.17.4&#8243; _module_preset=&#8221;default&#8221; notation_font=&#8221;Poppins|300|||||||&#8221; notation_text_color=&#8221;#e2e2e2&#8243; notation_font_size=&#8221;40px&#8221; notation_letter_spacing=&#8221;3px&#8221; notation_line_height=&#8221;1.2em&#8221; module_alignment=&#8221;center&#8221; animation_style=&#8221;fade&#8221; animation_direction=&#8221;bottom&#8221; locked=&#8221;off&#8221; global_colors_info=&#8221;{}&#8221;][\/dsm_text_notation][\/et_pb_column][\/et_pb_row][et_pb_row column_structure=&#8221;1_2,1_2&#8243; _builder_version=&#8221;4.17.4&#8243; _module_preset=&#8221;default&#8221; custom_padding=&#8221;||12px|||&#8221; global_colors_info=&#8221;{}&#8221;][et_pb_column type=&#8221;1_2&#8243; _builder_version=&#8221;4.17.4&#8243; _module_preset=&#8221;default&#8221; global_colors_info=&#8221;{}&#8221;][et_pb_video src=&#8221;https:\/\/cgplanengenharia.com.br\/wp-content\/uploads\/2023\/05\/WhatsApp-Video-2023-04-27-at-16.32.29.mp4&#8243; _builder_version=&#8221;4.17.4&#8243; _module_preset=&#8221;default&#8221; custom_margin=&#8221;||8px|||&#8221; global_colors_info=&#8221;{}&#8221;][\/et_pb_video][et_pb_text _builder_version=&#8221;4.17.4&#8243; _module_preset=&#8221;default&#8221; text_text_color=&#8221;#FFFFFF&#8221; text_font_size=&#8221;13px&#8221; header_font=&#8221;Poppins|700|||||||&#8221; header_text_color=&#8221;#FFFFFF&#8221; header_font_size=&#8221;22px&#8221; locked=&#8221;off&#8221; global_colors_info=&#8221;{}&#8221;]<\/p>\n<h1>Expo Po\u00e7o Fundo. Evento realizado em parceria com a CGPLAN ENGENHARIA<\/h1>\n<p>[\/et_pb_text][\/et_pb_column][et_pb_column type=&#8221;1_2&#8243; _builder_version=&#8221;4.17.4&#8243; _module_preset=&#8221;default&#8221; global_colors_info=&#8221;{}&#8221;][et_pb_video src=&#8221;https:\/\/cgplanengenharia.com.br\/wp-content\/uploads\/2023\/05\/WhatsApp-Video-2023-04-27-at-16.33.06.mp4&#8243; _builder_version=&#8221;4.17.4&#8243; _module_preset=&#8221;default&#8221; global_colors_info=&#8221;{}&#8221;][\/et_pb_video][et_pb_text _builder_version=&#8221;4.17.4&#8243; _module_preset=&#8221;default&#8221; text_text_color=&#8221;#FFFFFF&#8221; text_font_size=&#8221;13px&#8221; header_font=&#8221;Poppins|700|||||||&#8221; header_text_color=&#8221;#FFFFFF&#8221; header_font_size=&#8221;22px&#8221; locked=&#8221;off&#8221; global_colors_info=&#8221;{}&#8221;]<\/p>\n<h1>Patroc\u00ednio do time feminino de futebol F9<\/h1>\n<p>[\/et_pb_text][\/et_pb_column][\/et_pb_row][et_pb_row column_structure=&#8221;1_2,1_2&#8243; _builder_version=&#8221;4.17.4&#8243; _module_preset=&#8221;default&#8221; custom_margin=&#8221;10px|auto||auto||&#8221; custom_padding=&#8221;9px|||||&#8221; global_colors_info=&#8221;{}&#8221;][et_pb_column type=&#8221;1_2&#8243; _builder_version=&#8221;4.17.4&#8243; _module_preset=&#8221;default&#8221; global_colors_info=&#8221;{}&#8221;][et_pb_image src=&#8221;https:\/\/cgplanengenharia.com.br\/wp-content\/uploads\/2023\/05\/WhatsApp-Image-2023-05-03-at-10.38.31.jpeg&#8221; title_text=&#8221;WhatsApp Image 2023-05-03 at 10.38.31&#8243; _builder_version=&#8221;4.17.4&#8243; _module_preset=&#8221;default&#8221; global_colors_info=&#8221;{}&#8221;][\/et_pb_image][et_pb_text _builder_version=&#8221;4.17.4&#8243; _module_preset=&#8221;default&#8221; text_text_color=&#8221;#FFFFFF&#8221; text_font_size=&#8221;13px&#8221; header_font=&#8221;Poppins|700|||||||&#8221; header_text_color=&#8221;#FFFFFF&#8221; header_font_size=&#8221;22px&#8221; locked=&#8221;off&#8221; global_colors_info=&#8221;{}&#8221;]<\/p>\n<h1>Patroc\u00ednio do time de futebol de Pintos Negreiros<\/h1>\n<p>[\/et_pb_text][\/et_pb_column][et_pb_column type=&#8221;1_2&#8243; _builder_version=&#8221;4.17.4&#8243; _module_preset=&#8221;default&#8221; global_colors_info=&#8221;{}&#8221;][et_pb_image src=&#8221;https:\/\/cgplanengenharia.com.br\/wp-content\/uploads\/2023\/05\/WhatsApp-Image-2023-05-03-at-10.38.30.jpeg&#8221; title_text=&#8221;WhatsApp Image 2023-05-03 at 10.38.30&#8243; _builder_version=&#8221;4.17.4&#8243; _module_preset=&#8221;default&#8221; hover_enabled=&#8221;0&#8243; global_colors_info=&#8221;{}&#8221; sticky_enabled=&#8221;0&#8243;][\/et_pb_image][et_pb_text _builder_version=&#8221;4.17.4&#8243; _module_preset=&#8221;default&#8221; text_text_color=&#8221;#FFFFFF&#8221; text_font_size=&#8221;13px&#8221; header_font=&#8221;Poppins|700|||||||&#8221; header_text_color=&#8221;#FFFFFF&#8221; header_font_size=&#8221;22px&#8221; locked=&#8221;off&#8221; global_colors_info=&#8221;{}&#8221;]<\/p>\n<h1>Patroc\u00ednio do time feminino de futebol F9<\/h1>\n<p>[\/et_pb_text][\/et_pb_column][\/et_pb_row][\/et_pb_section]<\/p>\n","protected":false},"excerpt":{"rendered":"<p><div class=\"et_pb_module dsm_text_notation dsm_text_notation_0 et_animated  et_pb_bg_layout_light\">\n\t\t\t\t\n\t\t\t\t\n\t\t\t\t\n\t\t\t\t\n\t\t\t\t\n\t\t\t\t\n\t\t\t\t<div class=\"et_pb_module_inner\">\n\t\t\t\t\t<h1 class=\"dsm-text-notation-main et_pb_module_header\"><span data-notation=\"[{&quot;type&quot;:&quot;underline&quot;,&quot;color&quot;:&quot;#336bb3&quot;,&quot;stroke-width&quot;:&quot;1&quot;,&quot;iterations&quot;:&quot;2&quot;,&quot;brackets&quot;:&quot;left|right&quot;,&quot;viewport&quot;:&quot;80%&quot;,&quot;delay&quot;:&quot;0ms&quot;,&quot;divi-animate&quot;:&quot;fade&quot;,&quot;divi-animate-duration&quot;:&quot;1000ms&quot;,&quot;divi-animate-delay&quot;:&quot;0ms&quot;}]\" class=\"dsm-text-notation-middle\">A\u00e7\u00f5es Sociais<\/span><\/h1>\n\t\t\t\t<\/div>\n\t\t\t<\/div>Expo Po\u00e7o Fundo. Evento realizado em parceria com a CGPLAN ENGENHARIAPatroc\u00ednio do time feminino de futebol F9Patroc\u00ednio do time de futebol de Pintos NegreirosPatroc\u00ednio do time feminino de futebol F9<\/p>\n","protected":false},"author":1,"featured_media":0,"parent":0,"menu_order":0,"comment_status":"closed","ping_status":"closed","template":"","meta":{"nf_dc_page":"","_et_pb_use_builder":"on","_et_pb_old_content":"","_et_gb_content_width":"","om_disable_all_campaigns":false,"_monsterinsights_skip_tracking":false,"_monsterinsights_sitenote_active":false,"_monsterinsights_sitenote_note":"","_monsterinsights_sitenote_category":0,"_joinchat":[],"footnotes":""},"class_list":["post-183","page","type-page","status-publish","hentry"],"yoast_head":"<!-- This site is optimized with the Yoast SEO plugin v27.5 - https:\/\/yoast.com\/product\/yoast-seo-wordpress\/ -->\n<title>A\u00e7\u00f5es Sociais - CGPLAN ENGENHARIA<\/title>\n<meta name=\"robots\" content=\"index, follow, max-snippet:-1, max-image-preview:large, max-video-preview:-1\" \/>\n<link rel=\"canonical\" href=\"https:\/\/cgplanengenharia.com.br\/?page_id=183\" \/>\n<meta property=\"og:locale\" content=\"pt_PT\" \/>\n<meta property=\"og:type\" content=\"article\" \/>\n<meta property=\"og:title\" content=\"A\u00e7\u00f5es Sociais - CGPLAN ENGENHARIA\" \/>\n<meta property=\"og:description\" content=\"Expo Po\u00e7o Fundo. Evento realizado em parceria com a CGPLAN ENGENHARIAPatroc\u00ednio do time feminino de futebol F9Patroc\u00ednio do time de futebol de Pintos NegreirosPatroc\u00ednio do time feminino de futebol F9\" \/>\n<meta property=\"og:url\" content=\"https:\/\/cgplanengenharia.com.br\/?page_id=183\" \/>\n<meta property=\"og:site_name\" content=\"CGPLAN ENGENHARIA\" \/>\n<meta property=\"article:modified_time\" content=\"2023-05-15T21:55:51+00:00\" \/>\n<meta name=\"twitter:card\" content=\"summary_large_image\" \/>\n<script type=\"application\/ld+json\" class=\"yoast-schema-graph\">{\"@context\":\"https:\\\/\\\/schema.org\",\"@graph\":[{\"@type\":\"WebPage\",\"@id\":\"https:\\\/\\\/cgplanengenharia.com.br\\\/?page_id=183\",\"url\":\"https:\\\/\\\/cgplanengenharia.com.br\\\/?page_id=183\",\"name\":\"A\u00e7\u00f5es Sociais - CGPLAN ENGENHARIA\",\"isPartOf\":{\"@id\":\"https:\\\/\\\/cgplanengenharia.com.br\\\/#website\"},\"datePublished\":\"2023-05-03T21:42:51+00:00\",\"dateModified\":\"2023-05-15T21:55:51+00:00\",\"breadcrumb\":{\"@id\":\"https:\\\/\\\/cgplanengenharia.com.br\\\/?page_id=183#breadcrumb\"},\"inLanguage\":\"pt-PT\",\"potentialAction\":[{\"@type\":\"ReadAction\",\"target\":[\"https:\\\/\\\/cgplanengenharia.com.br\\\/?page_id=183\"]}]},{\"@type\":\"BreadcrumbList\",\"@id\":\"https:\\\/\\\/cgplanengenharia.com.br\\\/?page_id=183#breadcrumb\",\"itemListElement\":[{\"@type\":\"ListItem\",\"position\":1,\"name\":\"Home\",\"item\":\"https:\\\/\\\/cgplanengenharia.com.br\\\/\"},{\"@type\":\"ListItem\",\"position\":2,\"name\":\"A\u00e7\u00f5es Sociais\"}]},{\"@type\":\"WebSite\",\"@id\":\"https:\\\/\\\/cgplanengenharia.com.br\\\/#website\",\"url\":\"https:\\\/\\\/cgplanengenharia.com.br\\\/\",\"name\":\"CGPLAN ENGENHARIA\",\"description\":\"-\",\"potentialAction\":[{\"@type\":\"SearchAction\",\"target\":{\"@type\":\"EntryPoint\",\"urlTemplate\":\"https:\\\/\\\/cgplanengenharia.com.br\\\/?s={search_term_string}\"},\"query-input\":{\"@type\":\"PropertyValueSpecification\",\"valueRequired\":true,\"valueName\":\"search_term_string\"}}],\"inLanguage\":\"pt-PT\"}]}<\/script>\n<!-- \/ Yoast SEO plugin. -->","yoast_head_json":{"title":"A\u00e7\u00f5es Sociais - CGPLAN ENGENHARIA","robots":{"index":"index","follow":"follow","max-snippet":"max-snippet:-1","max-image-preview":"max-image-preview:large","max-video-preview":"max-video-preview:-1"},"canonical":"https:\/\/cgplanengenharia.com.br\/?page_id=183","og_locale":"pt_PT","og_type":"article","og_title":"A\u00e7\u00f5es Sociais - CGPLAN ENGENHARIA","og_description":"Expo Po\u00e7o Fundo. Evento realizado em parceria com a CGPLAN ENGENHARIAPatroc\u00ednio do time feminino de futebol F9Patroc\u00ednio do time de futebol de Pintos NegreirosPatroc\u00ednio do time feminino de futebol F9","og_url":"https:\/\/cgplanengenharia.com.br\/?page_id=183","og_site_name":"CGPLAN ENGENHARIA","article_modified_time":"2023-05-15T21:55:51+00:00","twitter_card":"summary_large_image","schema":{"@context":"https:\/\/schema.org","@graph":[{"@type":"WebPage","@id":"https:\/\/cgplanengenharia.com.br\/?page_id=183","url":"https:\/\/cgplanengenharia.com.br\/?page_id=183","name":"A\u00e7\u00f5es Sociais - CGPLAN ENGENHARIA","isPartOf":{"@id":"https:\/\/cgplanengenharia.com.br\/#website"},"datePublished":"2023-05-03T21:42:51+00:00","dateModified":"2023-05-15T21:55:51+00:00","breadcrumb":{"@id":"https:\/\/cgplanengenharia.com.br\/?page_id=183#breadcrumb"},"inLanguage":"pt-PT","potentialAction":[{"@type":"ReadAction","target":["https:\/\/cgplanengenharia.com.br\/?page_id=183"]}]},{"@type":"BreadcrumbList","@id":"https:\/\/cgplanengenharia.com.br\/?page_id=183#breadcrumb","itemListElement":[{"@type":"ListItem","position":1,"name":"Home","item":"https:\/\/cgplanengenharia.com.br\/"},{"@type":"ListItem","position":2,"name":"A\u00e7\u00f5es Sociais"}]},{"@type":"WebSite","@id":"https:\/\/cgplanengenharia.com.br\/#website","url":"https:\/\/cgplanengenharia.com.br\/","name":"CGPLAN ENGENHARIA","description":"-","potentialAction":[{"@type":"SearchAction","target":{"@type":"EntryPoint","urlTemplate":"https:\/\/cgplanengenharia.com.br\/?s={search_term_string}"},"query-input":{"@type":"PropertyValueSpecification","valueRequired":true,"valueName":"search_term_string"}}],"inLanguage":"pt-PT"}]}},"jetpack_sharing_enabled":true,"_links":{"self":[{"href":"https:\/\/cgplanengenharia.com.br\/index.php?rest_route=\/wp\/v2\/pages\/183","targetHints":{"allow":["GET"]}}],"collection":[{"href":"https:\/\/cgplanengenharia.com.br\/index.php?rest_route=\/wp\/v2\/pages"}],"about":[{"href":"https:\/\/cgplanengenharia.com.br\/index.php?rest_route=\/wp\/v2\/types\/page"}],"author":[{"embeddable":true,"href":"https:\/\/cgplanengenharia.com.br\/index.php?rest_route=\/wp\/v2\/users\/1"}],"replies":[{"embeddable":true,"href":"https:\/\/cgplanengenharia.com.br\/index.php?rest_route=%2Fwp%2Fv2%2Fcomments&post=183"}],"version-history":[{"count":5,"href":"https:\/\/cgplanengenharia.com.br\/index.php?rest_route=\/wp\/v2\/pages\/183\/revisions"}],"predecessor-version":[{"id":240,"href":"https:\/\/cgplanengenharia.com.br\/index.php?rest_route=\/wp\/v2\/pages\/183\/revisions\/240"}],"wp:attachment":[{"href":"https:\/\/cgplanengenharia.com.br\/index.php?rest_route=%2Fwp%2Fv2%2Fmedia&parent=183"}],"curies":[{"name":"wp","href":"https:\/\/api.w.org\/{rel}","templated":true}]}}